{"id":3002,"date":"2025-08-29T11:46:51","date_gmt":"2025-08-29T11:46:51","guid":{"rendered":"http:\/\/wieruszowfilia.bpsieradz.pl\/?page_id=3002"},"modified":"2025-11-18T08:25:13","modified_gmt":"2025-11-18T08:25:13","slug":"o-bibliotece","status":"publish","type":"page","link":"https:\/\/filiawieruszow.bpsieradz.pl\/index.php\/o-bibliotece\/","title":{"rendered":"Historia i znaczenie Biblioteki Pedagogicznej w Wieruszowie"},"content":{"rendered":"\n<p><strong>Biblioteka jako filia<\/strong> wchodzi w sk\u0142ad <strong>Centrum Rozwoju Edukacji Wojew\u00f3dztwa \u0141\u00f3dzkiego w Sieradzu Biblioteka Pedagogiczna w Sieradzu<\/strong>, jest plac\u00f3wk\u0105 o\u015bwiatow\u0105 podporz\u0105dkowan\u0105 Samorz\u0105dowi Wojew\u00f3dztwa \u0141\u00f3dzkiego.<br>Biblioteka powsta\u0142a w 1955 r. jako Pedagogiczna Biblioteka Powiatowa obejmuj\u0105c swym zasi\u0119giem powiat wieruszowski. Od 1975 r. do 1998 r. dzia\u0142a\u0142a jako Pedagogiczna Biblioteka Wojew\u00f3dzka w Kaliszu Filia w Wieruszowie. Po reformie administracyjnej pa\u0144stwa w latach 1999 &#8211; 2000 bibliotek\u0119 przej\u0119\u0142a Pedagogiczna Biblioteka Wojew\u00f3dzka im. T. Kotarbi\u0144skiego w \u0141odzi. Od 2001 r. przekazana w struktury Biblioteki Pedagogicznej w Sieradzu tak funkcjonowa\u0142a do 2021 r. Po reorganizacji podlega pod <strong>Centrum Rozwoju Edukacji Wojew\u00f3dztwa \u0141\u00f3dzkiego w Sieradzu<\/strong>. Zasi\u0119giem dzia\u0142ania obejmuje teren wojew\u00f3dztwa, a szczeg\u00f3lnie powiat wieruszowski.<br>Zadaniem biblioteki jest zapewnienie dost\u0119pu do \u017ar\u00f3de\u0142 wiedzy i informacji edukacyjnej dla kszta\u0142c\u0105cych si\u0119 student\u00f3w pedagogiki i psychologii, doskonal\u0105cych si\u0119 nauczycieli oraz student\u00f3w innych kierunk\u00f3w, uczni\u00f3w powy\u017cej 13 roku \u017cycia i innych os\u00f3b zainteresowanych.<br>W zasobach biblioteki aktualizowanych sukcesywnie gromadzi si\u0119 ksi\u0119gozbi\u00f3r o charakterze naukowym i popularnonaukowym, zw\u0142aszcza z pedagogiki, psychologii i innych nauk spo\u0142ecznych oraz literatur\u0119 pi\u0119kn\u0105. Dost\u0119p do najnowszej wiedzy dla doskonal\u0105cej si\u0119 zawodowo kadry pedagogicznej, zapewniaj\u0105 fachowe czasopisma. Biblioteka stale wzbogaca zbiory audiowizualne. U\u017cytkownicy biblioteki maj\u0105 dost\u0119p do katalogu on-line oraz do platformy ksi\u0105\u017cek elektronicznych.<br>Biblioteka s\u0142u\u017cy edukacji w procesie kszta\u0142cenia i doskonalenia nauczycieli, wspiera dzia\u0142alno\u015b\u0107 plac\u00f3wek o\u015bwiatowych i szk\u00f3\u0142 ze szczeg\u00f3lnym uwzgl\u0119dnieniem bibliotek szkolnych. Sta\u0142ym elementem jest wspomaganie bibliotek szkolnych w organizacji i ich zarz\u0105dzaniu, prowadzenie dzia\u0142alno\u015bci szkoleniowo &#8211; informacyjnej w ramach dzia\u0142aj\u0105cej sieci wsp\u00f3\u0142pracy i samokszta\u0142cenia nauczycieli bibliotekarzy.<br>Biblioteka prowadzi wspomaganie szk\u00f3\u0142 i plac\u00f3wek w realizacji zada\u0144 dydaktycznych, wychowawczych i opieku\u0144czych z wykorzystaniem narz\u0119dzi informacyjno-komunikacyjnych w formie lekcji bibliotecznych, zaj\u0119\u0107 edukacyjnych, imprez czytelniczych i kulturalnych, promuj\u0105cych edukacj\u0119 czytelnicz\u0105 i medialn\u0105, dla dzieci w wieku przedszkolnym i uczni\u00f3w szk\u00f3\u0142 podstawowych i ponadpodstawowych.<br>Plac\u00f3wka dla podtrzymywania dobrego wizerunku i presti\u017cu w \u015brodowisku aktywnie wsp\u00f3\u0142pracuje z innymi bibliotekami i plac\u00f3wkami kreuj\u0105c wydarzenia edukacyjne i kulturalne promuj\u0105ce czytelnictwo.<\/p>\n","protected":false},"excerpt":{"rendered":"<p>Biblioteka jako filia wchodzi w sk\u0142ad Centrum Rozwoju Edukacji Wojew\u00f3dztwa \u0141\u00f3dzkiego w Sieradzu Biblioteka Pedagogiczna w Sieradzu, jest plac\u00f3wk\u0105 o\u015bwiatow\u0105 podporz\u0105dkowan\u0105 Samorz\u0105dowi Wojew\u00f3dztwa \u0141\u00f3dzkiego.Biblioteka powsta\u0142a w 1955 r. jako Pedagogiczna &#8230;<\/p>\n","protected":false},"author":1,"featured_media":0,"parent":0,"menu_order":0,"comment_status":"closed","ping_status":"closed","template":"","meta":{"om_disable_all_campaigns":false,"ngg_post_thumbnail":0,"footnotes":""},"class_list":["post-3002","page","type-page","status-publish","hentry"],"aioseo_notices":[],"rttpg_featured_image_url":null,"rttpg_author":{"display_name":"admin","author_link":"https:\/\/filiawieruszow.bpsieradz.pl\/index.php\/author\/admin\/"},"rttpg_comment":0,"rttpg_category":null,"rttpg_excerpt":"Biblioteka jako filia wchodzi w sk\u0142ad Centrum Rozwoju Edukacji Wojew\u00f3dztwa \u0141\u00f3dzkiego w Sieradzu Biblioteka Pedagogiczna w Sieradzu, jest plac\u00f3wk\u0105 o\u015bwiatow\u0105 podporz\u0105dkowan\u0105 Samorz\u0105dowi Wojew\u00f3dztwa \u0141\u00f3dzkiego.Biblioteka powsta\u0142a w 1955 r. jako Pedagogiczna ...","_links":{"self":[{"href":"https:\/\/filiawieruszow.bpsieradz.pl\/index.php\/wp-json\/wp\/v2\/pages\/3002","targetHints":{"allow":["GET"]}}],"collection":[{"href":"https:\/\/filiawieruszow.bpsieradz.pl\/index.php\/wp-json\/wp\/v2\/pages"}],"about":[{"href":"https:\/\/filiawieruszow.bpsieradz.pl\/index.php\/wp-json\/wp\/v2\/types\/page"}],"author":[{"embeddable":true,"href":"https:\/\/filiawieruszow.bpsieradz.pl\/index.php\/wp-json\/wp\/v2\/users\/1"}],"replies":[{"embeddable":true,"href":"https:\/\/filiawieruszow.bpsieradz.pl\/index.php\/wp-json\/wp\/v2\/comments?post=3002"}],"version-history":[{"count":3,"href":"https:\/\/filiawieruszow.bpsieradz.pl\/index.php\/wp-json\/wp\/v2\/pages\/3002\/revisions"}],"predecessor-version":[{"id":3904,"href":"https:\/\/filiawieruszow.bpsieradz.pl\/index.php\/wp-json\/wp\/v2\/pages\/3002\/revisions\/3904"}],"wp:attachment":[{"href":"https:\/\/filiawieruszow.bpsieradz.pl\/index.php\/wp-json\/wp\/v2\/media?parent=3002"}],"curies":[{"name":"wp","href":"https:\/\/api.w.org\/{rel}","templated":true}]}}